{"id":121,"date":"2016-02-16T04:28:08","date_gmt":"2016-02-16T04:28:08","guid":{"rendered":"http:\/\/cthcgorj.ro\/wordpress\/?page_id=121"},"modified":"2026-03-23T10:18:48","modified_gmt":"2026-03-23T08:18:48","slug":"galerie-foto","status":"publish","type":"page","link":"https:\/\/www.cthcgorj.ro\/index.php\/galerie-foto\/","title":{"rendered":"Hot\u0103r\u00e2ri  C.A. 2024-2025-2026"},"content":{"rendered":"<p>Documente aprobate in Consiliul de Administra\u021bie\u00a0 al LTHC:<\/p>\n<p><a href=\"https:\/\/www.cthcgorj.ro\/wp-content\/uploads\/2026\/03\/HOTARARE-NR.-11-din-19.03.2026.docx\">HOT\u0102R\u00c2RE NR. 11 din 19.03.2026<\/a><\/p>\n<p><a href=\"https:\/\/www.cthcgorj.ro\/wp-content\/uploads\/2026\/03\/HOTARARE-NR.-10-din-11.03.2026-1.docx\">HOT\u0102R\u00c2RE NR. 10 din 11.03.2026 (1)<\/a><\/p>\n<p><a href=\"https:\/\/www.cthcgorj.ro\/wp-content\/uploads\/2026\/03\/HOTARARE-NR.-9-din-06.03.2026-1.docx\">HOT\u0102R\u00c2RE NR. 9 din 06.03.2026 <\/a><\/p>\n<p><a href=\"https:\/\/www.cthcgorj.ro\/wp-content\/uploads\/2026\/03\/HOTARARE-NR.-8-din-27.02.2026.docx\">HOT\u0102R\u00c2RE NR. 8 din 27.02.2026<\/a><\/p>\n<p><a href=\"https:\/\/www.cthcgorj.ro\/wp-content\/uploads\/2026\/03\/HOTARARE-NR.-7-din-20.02.2026-1.docx\">HOT\u0102R\u00c2RE NR. 7 din 20.02.2026 <\/a><\/p>\n<p><a href=\"https:\/\/www.cthcgorj.ro\/wp-content\/uploads\/2026\/02\/HOTARARE-NR.-6-din-12.02.2026.docx\">HOT\u0102R\u00c2RE NR. 6 din 12.02.2026<\/a><\/p>\n<p><a href=\"https:\/\/www.cthcgorj.ro\/wp-content\/uploads\/2026\/02\/HOTARARE-NR.-4-din-02.02.2026.docx\">HOT\u0102R\u00c2RE NR. 4 din 02.02.2026<\/a><\/p>\n<p><a href=\"https:\/\/www.cthcgorj.ro\/wp-content\/uploads\/2026\/02\/HOTARARE-NR.-3-din-23.01.2026.docx\">HOT\u0102R\u00c2RE NR. 3 din 23.01.2026<\/a><\/p>\n<p><a href=\"https:\/\/www.cthcgorj.ro\/wp-content\/uploads\/2026\/01\/HOTARARE-NR.-2-din-19.01.2026.docx\">HOT\u0102R\u00c2RE NR. 2 din 19.01.2026<\/a><\/p>\n<p><a href=\"https:\/\/www.cthcgorj.ro\/wp-content\/uploads\/2026\/01\/HOTARARE-NR.-1-din-09.01.2026.docx\">HOT\u0102R\u00c2RE NR. 1 din 09.01.2026<\/a><\/p>\n<p><a href=\"https:\/\/www.cthcgorj.ro\/wp-content\/uploads\/2025\/12\/HOTARARE-NR.-50-din-25.11.2025.docx\">HOT\u0102R\u00c2RE NR. 50 din 25.11.2025<\/a><\/p>\n<p><a href=\"https:\/\/www.cthcgorj.ro\/wp-content\/uploads\/2025\/12\/HOTARARE-NR.-49-din-18.11.2025.docx\">HOT\u0102R\u00c2RE NR. 49 din 18.11.2025<\/a><\/p>\n<p><a href=\"https:\/\/www.cthcgorj.ro\/wp-content\/uploads\/2025\/11\/HOTARARE-NR.-48-din-07.11.2025.docx\">HOT\u0102R\u00c2RE NR. 48 din 07.11.2025<\/a><\/p>\n<p><a href=\"https:\/\/www.cthcgorj.ro\/wp-content\/uploads\/2025\/11\/HOTARARE-NR.-47-din-05.11.2025.docx\">HOT\u0102R\u00c2RE NR. 47 din 05.11.2025<\/a><\/p>\n<p><a href=\"https:\/\/www.cthcgorj.ro\/wp-content\/uploads\/2025\/11\/HOTARARE-NR.-46-din-05.11.2025.docx\">HOT\u0102R\u00c2RE NR. 46 din 05.11.2025<\/a><\/p>\n<p><a href=\"https:\/\/www.cthcgorj.ro\/wp-content\/uploads\/2025\/11\/HOTARARE-NR.-45-din-30.10.2025.docx\">HOT\u0102R\u00c2RE NR. 45 din 30.10.2025<\/a><\/p>\n<p><a href=\"https:\/\/www.cthcgorj.ro\/wp-content\/uploads\/2025\/11\/HOTARARE-NR.-44-din-23.10.2025.docx\">HOT\u0102R\u00c2RE NR. 44 din 23.10.2025<\/a><\/p>\n<p><a href=\"https:\/\/www.cthcgorj.ro\/wp-content\/uploads\/2025\/10\/HOTARARE-NR.-43-din-20.10.2025.docx\">HOT\u0102R\u00c2RE NR. 43 din 20.10.2025<\/a><\/p>\n<p><a href=\"https:\/\/www.cthcgorj.ro\/wp-content\/uploads\/2025\/10\/HOTARARE-NR.-42-din-14.10.2025.docx\">HOT\u0102R\u00c2RE NR. 42 din 14.10.2025<\/a><\/p>\n<p><a href=\"https:\/\/www.cthcgorj.ro\/wp-content\/uploads\/2025\/10\/HOTARARE-NR.-41.docx\">HOT\u0102R\u00c2RE NR. 41<\/a><\/p>\n<p><a href=\"https:\/\/www.cthcgorj.ro\/wp-content\/uploads\/2025\/10\/HOTARARE-C.A.-NR.-40.docx\">HOT\u0102R\u00c2RE C.A. NR. 40<\/a><\/p>\n<p><a href=\"https:\/\/www.cthcgorj.ro\/wp-content\/uploads\/2025\/09\/HOTARARE-CA-NR.-39.docx\">HOTARARE CA NR. 39<\/a><\/p>\n<p><a href=\"https:\/\/www.cthcgorj.ro\/wp-content\/uploads\/2025\/09\/HOTATARE-CA-NR.-38.docx\">HOTATARE CA NR. 38<\/a><\/p>\n<p><a href=\"https:\/\/www.cthcgorj.ro\/wp-content\/uploads\/2025\/09\/HOTATARE-CA-NR.-37.docx\">HOTATARE CA NR. 37<\/a><\/p>\n<p><a href=\"https:\/\/www.cthcgorj.ro\/wp-content\/uploads\/2025\/09\/HOTATARE-CA-NR.-36.docx\">HOTATARE CA NR. 36<\/a><\/p>\n<p><a href=\"https:\/\/www.cthcgorj.ro\/wp-content\/uploads\/2025\/08\/HOTARARE-CA-NR.-35.docx\">HOTARARE CA NR. 35<\/a><\/p>\n<p><a href=\"https:\/\/www.cthcgorj.ro\/wp-content\/uploads\/2025\/08\/hotarare-CA-nr.-34.docx\">hot\u0103r\u00e2re CA nr. 34<\/a><\/p>\n<p><a href=\"https:\/\/www.cthcgorj.ro\/wp-content\/uploads\/2025\/08\/HOTARARI-CA-NR.-33.docx\">HOTAR\u00c2RI CA NR. 33<\/a><\/p>\n<p><a href=\"https:\/\/www.cthcgorj.ro\/wp-content\/uploads\/2025\/08\/HOTARARI-CA-NR.-32.docx\">HOTAR\u00c2RI CA NR. 32<\/a><\/p>\n<p><a href=\"https:\/\/www.cthcgorj.ro\/wp-content\/uploads\/2025\/06\/HOTARARI-CA-NR.-31.docx\">HOTAR\u00c2RI CA NR. 31<\/a><\/p>\n<p><a href=\"https:\/\/www.cthcgorj.ro\/wp-content\/uploads\/2025\/06\/HOTARARE-CA-30.docx\">HOTAR\u00c2RE CA 30<\/a><\/p>\n<p><a href=\"https:\/\/www.cthcgorj.ro\/wp-content\/uploads\/2025\/05\/HOTARARE-C.A.-NR.-29.docx\">HOT\u0102R\u00c2RE C.A. NR. 29<\/a><\/p>\n<p><a href=\"https:\/\/www.cthcgorj.ro\/index.php\/galerie-foto\/hotarare-c-a-nr-28\/\" rel=\"attachment wp-att-2396\">HOT\u0102R\u00c2RE C.A. NR.28<\/a><\/p>\n<p><a href=\"http:\/\/cthcgorj.ro\/wp-content\/uploads\/2016\/02\/hotar\u00e2re-CA-nr.-27.docx\">hotar\u00e2re CA nr. 27<\/a><\/p>\n<p><a href=\"http:\/\/cthcgorj.ro\/wp-content\/uploads\/2016\/02\/hotar\u00e2re-CA-nr.-26.docx\">hotar\u00e2re CA nr. 26<\/a><\/p>\n<p><a href=\"http:\/\/cthcgorj.ro\/wp-content\/uploads\/2016\/02\/hot\u0103r\u00e2ri-CA-nr.-25.docx\">hot\u0103r\u00e2ri CA nr. 25<\/a><\/p>\n<p><a href=\"http:\/\/cthcgorj.ro\/wp-content\/uploads\/2016\/02\/hot\u0103r\u00e2re-CA-nr.-24.docx\">hot\u0103r\u00e2re CA nr. 24<\/a><\/p>\n<p><a href=\"http:\/\/cthcgorj.ro\/wp-content\/uploads\/2016\/02\/HOT\u0102R\u00c2RE-C.A.-NR.-23.pdf\">HOT\u0102R\u00c2RE C.A. NR. 23<\/a><\/p>\n<p><a href=\"http:\/\/cthcgorj.ro\/wp-content\/uploads\/2016\/02\/HOT\u0102R\u00c2RI-C.A.-nr.22.pdf\">HOT\u0102R\u00c2RI C.A. nr.22<\/a><\/p>\n<p><a href=\"http:\/\/cthcgorj.ro\/wp-content\/uploads\/2025\/02\/HOT\u0102R\u00c2RI-C.A.-nr-20-si-21-2025.pdf\">HOT\u0102R\u00c2RI C.A. nr 20 si 21 -2025<\/a><\/p>\n<p><a href=\"http:\/\/cthcgorj.ro\/wp-content\/uploads\/2016\/02\/HOT\u0102R\u00c2RI-C.A.nr_.1-19-2024-2025-LTHC.pdf\">HOT\u0102R\u00c2RI C.A.nr.1-19 2024-2025 -LTHC<\/a><\/p>\n<p><a href=\"http:\/\/cthcgorj.ro\/wp-content\/uploads\/2016\/02\/HOT\u0102R\u00c2RE-Nr-17.pdf\">HOT\u0102R\u00c2RE Nr 17-2025<\/a><\/p>\n<p><a href=\"http:\/\/cthcgorj.ro\/wp-content\/uploads\/2016\/02\/Hotararea-CA.-nr.16-2025.pdf\">Hotararea CA. nr.16-2025<\/a><\/p>\n<p><a href=\"http:\/\/cthcgorj.ro\/wp-content\/uploads\/2016\/02\/HOT\u0102R\u00c2RE-Nr-14-2025.pdf\">HOT\u0102R\u00c2RE Nr 14 -2025<\/a><\/p>\n<p><a href=\"http:\/\/cthcgorj.ro\/wp-content\/uploads\/2016\/02\/HOT\u0102R\u00c2RI-C.-A.-2024.pdf\">HOT\u0102R\u00c2RI\u00a0 \u00a0C. A. 2024<\/a><\/p>\n<p><a href=\"http:\/\/cthcgorj.ro\/index.php\/galerie-foto\/raport-starea-calitatii-inv-2022_lthc-aprobat\/\" rel=\"attachment wp-att-1520\">Raport starea calitatii inv 2022_LTHC aprobat<\/a><\/p>\n<p><a href=\"http:\/\/cthcgorj.ro\/index.php\/galerie-foto\/hotarare-ca-29-09-2022\/\" rel=\"attachment wp-att-1516\">Hotarare CA 29.09.2022<\/a><\/p>\n","protected":false},"excerpt":{"rendered":"<p>Documente aprobate in Consiliul de Administra\u021bie\u00a0 al LTHC: HOT\u0102R\u00c2RE NR. 11 din 19.03.2026 HOT\u0102R\u00c2RE NR. 10 din 11.03.2026 (1) HOT\u0102R\u00c2RE NR. 9 din 06.03.2026 HOT\u0102R\u00c2RE NR. 8 din 27.02.2026 HOT\u0102R\u00c2RE NR. 7 din 20.02.2026 HOT\u0102R\u00c2RE NR. 6 din 12.02.2026 HOT\u0102R\u00c2RE &hellip; <a href=\"https:\/\/www.cthcgorj.ro\/index.php\/galerie-foto\/\">Continu\u0103 s\u0103 cite\u0219ti <span class=\"meta-nav\">&rarr;<\/span><\/a><\/p>\n","protected":false},"author":1,"featured_media":0,"parent":0,"menu_order":0,"comment_status":"closed","ping_status":"closed","template":"","meta":{"footnotes":""},"class_list":["post-121","page","type-page","status-publish","hentry"],"_links":{"self":[{"href":"https:\/\/www.cthcgorj.ro\/index.php\/wp-json\/wp\/v2\/pages\/121","targetHints":{"allow":["GET"]}}],"collection":[{"href":"https:\/\/www.cthcgorj.ro\/index.php\/wp-json\/wp\/v2\/pages"}],"about":[{"href":"https:\/\/www.cthcgorj.ro\/index.php\/wp-json\/wp\/v2\/types\/page"}],"author":[{"embeddable":true,"href":"https:\/\/www.cthcgorj.ro\/index.php\/wp-json\/wp\/v2\/users\/1"}],"replies":[{"embeddable":true,"href":"https:\/\/www.cthcgorj.ro\/index.php\/wp-json\/wp\/v2\/comments?post=121"}],"version-history":[{"count":51,"href":"https:\/\/www.cthcgorj.ro\/index.php\/wp-json\/wp\/v2\/pages\/121\/revisions"}],"predecessor-version":[{"id":2584,"href":"https:\/\/www.cthcgorj.ro\/index.php\/wp-json\/wp\/v2\/pages\/121\/revisions\/2584"}],"wp:attachment":[{"href":"https:\/\/www.cthcgorj.ro\/index.php\/wp-json\/wp\/v2\/media?parent=121"}],"curies":[{"name":"wp","href":"https:\/\/api.w.org\/{rel}","templated":true}]}}