{"id":126,"date":"2016-02-16T04:35:23","date_gmt":"2016-02-16T04:35:23","guid":{"rendered":"http:\/\/cthcgorj.ro\/wordpress\/?page_id=126"},"modified":"2025-08-20T11:38:42","modified_gmt":"2025-08-20T09:38:42","slug":"despre-noi","status":"publish","type":"page","link":"https:\/\/www.cthcgorj.ro\/index.php\/despre-noi\/","title":{"rendered":"Despre"},"content":{"rendered":"<p style=\"text-align: justify;\"><a href=\"https:\/\/cthc.files.wordpress.com\/2015\/05\/prima1.png\"><img loading=\"lazy\" decoding=\"async\" class=\"wp-image-194 alignleft\" src=\"https:\/\/cthc.files.wordpress.com\/2015\/05\/prima1.png\" alt=\"prima1\" width=\"183\" height=\"139\" \/><\/a><\/p>\n<p style=\"text-align: justify;\"><strong><em>Liceul Tehnologic ,, Henri Coand\u0103<\/em><\/strong><strong><em>\u201d T\u00e2rgu- Jiu\u00a0<\/em><\/strong><\/p>\n<p style=\"text-align: justify;\">Unul dintre liceele tehnologice de marc\u0103 din municipiul T\u00e2rgu-Jiu este Liceul Tehnologic \u201cHenri Coand\u0103\u201d.\u00a0 A fost \u00eenfiin\u021bat \u00a0\u00een anul 1978 sub denumirea de \u201cGrup \u015ecolar Mecanic I.M.U.P.F.\u201d mai t\u00e2rziu devine ,,Liceul industrial Nr.5\u201d, apoi \u201cGrup \u015ecolar de Construc\u021bii de Ma\u0219ini\u201d . \u00a0Din 2001 este cunoscut sub denumirea de Colegiul Tehnic \u201eHenri Coand\u0103\u201d \u0219i acum func\u021bioneaz\u0103 sub denumirea Liceul Tehnologic ,, Henri Coand\u0103 \u201d Tg-Jiu.<\/p>\n<p style=\"text-align: justify;\">\u00cen Colegiul Tehnic ,, Henri Coand\u0103,, func\u021bionau clase cu profilul: protec\u021bia mediului, matematic\u0103 \u2013 informatic\u0103, mecanic, automatiz\u0103ri, profesional\u0103 tinichigiu \u2013 vopsitor auto, clase de seral cu profil mecanic, postliceal\u0103: tehnician echipamente periferice \u0219i birotic\u0103, tehnician transporturi auto interne \u0219i interna\u021bionale f\u0103r\u0103 tax\u0103, scoal\u0103 de mai\u0219tri mecanici ( f\u0103r\u0103 tax\u0103).\u00a0 Resursa uman\u0103 cu o \u00eenalt\u0103 preg\u0103tire \u0219tiin\u021bific\u0103 \u0219i metodic\u0103 este asigurat\u0103 de 51 de cadre didactice: un profesor cu doctorat, 27 de profesori cu gradul I, 8 profesori cu gradul II , 10 profesori cu definitivat, 5 profesori debutan\u021bi, 3 profesori formatori na\u021bionali regionali. To\u021bi profesorii particip\u0103 la cursurile de perfec\u021bionare \u0219i postuniversitare. Resursa material\u0103 r\u0103spunde standardelor europene \u0219i este format\u0103 dintr-un corp de cl\u0103dire principal\u0103 care are 26 s\u0103li de clasa, un corp de cl\u0103dire destinat atelierelor de instruire practic\u0103 ( 12 ateliere), sal\u0103 de sport, c\u0103min, cantin\u0103 \u0219i sal\u0103 de mese, central\u0103 termic\u0103 proprie, sp\u0103l\u0103torie, magazie. Unitatea \u0219colar\u0103 dispune de 3 laboratoare de informatic\u0103, dotate modern \u0219i conectate la internet \u0219i re\u021bea proprie WI_FI \u0219i bibliotec\u0103 \u0219colar\u0103.<\/p>\n","protected":false},"excerpt":{"rendered":"<p>Liceul Tehnologic ,, Henri Coand\u0103\u201d T\u00e2rgu- Jiu\u00a0 Unul dintre liceele tehnologice de marc\u0103 din municipiul T\u00e2rgu-Jiu este Liceul Tehnologic \u201cHenri Coand\u0103\u201d.\u00a0 A fost \u00eenfiin\u021bat \u00a0\u00een anul 1978 sub denumirea de \u201cGrup \u015ecolar Mecanic I.M.U.P.F.\u201d mai t\u00e2rziu devine ,,Liceul industrial Nr.5\u201d, &hellip; <a href=\"https:\/\/www.cthcgorj.ro\/index.php\/despre-noi\/\">Continu\u0103 s\u0103 cite\u0219ti <span class=\"meta-nav\">&rarr;<\/span><\/a><\/p>\n","protected":false},"author":1,"featured_media":0,"parent":0,"menu_order":0,"comment_status":"closed","ping_status":"closed","template":"","meta":{"footnotes":""},"class_list":["post-126","page","type-page","status-publish","hentry"],"_links":{"self":[{"href":"https:\/\/www.cthcgorj.ro\/index.php\/wp-json\/wp\/v2\/pages\/126","targetHints":{"allow":["GET"]}}],"collection":[{"href":"https:\/\/www.cthcgorj.ro\/index.php\/wp-json\/wp\/v2\/pages"}],"about":[{"href":"https:\/\/www.cthcgorj.ro\/index.php\/wp-json\/wp\/v2\/types\/page"}],"author":[{"embeddable":true,"href":"https:\/\/www.cthcgorj.ro\/index.php\/wp-json\/wp\/v2\/users\/1"}],"replies":[{"embeddable":true,"href":"https:\/\/www.cthcgorj.ro\/index.php\/wp-json\/wp\/v2\/comments?post=126"}],"version-history":[{"count":11,"href":"https:\/\/www.cthcgorj.ro\/index.php\/wp-json\/wp\/v2\/pages\/126\/revisions"}],"predecessor-version":[{"id":1352,"href":"https:\/\/www.cthcgorj.ro\/index.php\/wp-json\/wp\/v2\/pages\/126\/revisions\/1352"}],"wp:attachment":[{"href":"https:\/\/www.cthcgorj.ro\/index.php\/wp-json\/wp\/v2\/media?parent=126"}],"curies":[{"name":"wp","href":"https:\/\/api.w.org\/{rel}","templated":true}]}}